{"id":499,"date":"2024-10-25T17:32:01","date_gmt":"2024-10-25T17:32:01","guid":{"rendered":"http:\/\/www.saza.si\/?page_id=499"},"modified":"2024-11-27T13:03:39","modified_gmt":"2024-11-27T13:03:39","slug":"filtracija-vode","status":"publish","type":"page","link":"https:\/\/www.saza.si\/index.php\/filtracija-vode\/","title":{"rendered":"Filtracija vode"},"content":{"rendered":"\n<main class=\"wp-block-group has-light-color-background-color has-background is-layout-constrained wp-container-core-group-is-layout-4 wp-block-group-is-layout-constrained\" style=\"padding-top:0;padding-right:0;padding-bottom:0;padding-left:0\">\n<div class=\"wp-block-group is-layout-constrained wp-container-core-group-is-layout-1 wp-block-group-is-layout-constrained\" style=\"padding-top:var(--wp--preset--spacing--60);padding-right:var(--wp--preset--spacing--40);padding-bottom:var(--wp--preset--spacing--60);padding-left:var(--wp--preset--spacing--40)\">\n<div class=\"wp-block-columns are-vertically-aligned-center is-layout-flex wp-container-core-columns-is-layout-1 wp-block-columns-is-layout-flex\">\n<div class=\"wp-block-column is-vertically-aligned-center is-layout-flow wp-block-column-is-layout-flow\">\n<figure class=\"wp-block-image size-full\"><img loading=\"lazy\" decoding=\"async\" width=\"436\" height=\"297\" src=\"https:\/\/www.saza.si\/wp-content\/uploads\/2024\/10\/8e641d1247_61790090.jpg\" alt=\"\" class=\"wp-image-505\" srcset=\"https:\/\/www.saza.si\/wp-content\/uploads\/2024\/10\/8e641d1247_61790090.jpg 436w, https:\/\/www.saza.si\/wp-content\/uploads\/2024\/10\/8e641d1247_61790090-300x204.jpg 300w\" sizes=\"auto, (max-width: 436px) 100vw, 436px\" \/><\/figure>\n<\/div>\n\n\n\n<div class=\"wp-block-column is-vertically-aligned-center is-layout-flow wp-block-column-is-layout-flow\">\n<h3 class=\"wp-block-heading has-pale-cyan-blue-color has-text-color has-link-color has-large-font-size wp-elements-7dbe7a8876f4a05c0eb2634290466f81\" style=\"font-style:normal;font-weight:600\">Pomembnost filtracije vode<\/h3>\n\n\n\n<p>Filtracija vode je klju\u010dnega pomena za zagotavljanje varne in \u010diste pitne vode. Poleg odstranjevanja mikroorganizmov in kemikalij, ki lahko \u0161kodijo zdravju, filtracija izbolj\u0161uje okus in vonj vode, zmanj\u0161uje tveganje za bolezni in podalj\u0161uje \u017eivljenjsko dobo naprav, ki delujejo z vodo. Kakovostna pitna voda pripomore k bolj\u0161emu zdravju, saj hitreje odstranjuje toksine iz telesa, spodbuja prebavo, izbolj\u0161uje cirkulacijo in krepi imunski sistem.<\/p>\n<\/div>\n<\/div>\n\n\n\n<p><\/p>\n\n\n\n<div class=\"wp-block-columns are-vertically-aligned-center is-layout-flex wp-container-core-columns-is-layout-2 wp-block-columns-is-layout-flex\">\n<div class=\"wp-block-column is-vertically-aligned-center is-layout-flow wp-block-column-is-layout-flow\">\n<p>V na\u0161em podjetju nudimo celovite storitve monta\u017ee vodnih filtrov, ki vklju\u010dujejo tako centralne sisteme za filtracijo, ki se namestijo neposredno na glavni dovod vode v objektu, kot tudi lokalne filtre za specifi\u010dne to\u010dke, kot so kuhinjske pipe. Centralni filtracijski sistemi zagotavljajo \u010disto in varno vodo za celoten objekt, medtem ko lokalni filtri omogo\u010dajo dodatno filtracijo tam, kjer je to najbolj potrebno. Na\u0161i strokovnjaki poskrbijo za strokovno vgradnjo in optimizacijo filtracijskega sistema, prilagojeno va\u0161im potrebam.<\/p>\n<\/div>\n\n\n\n<div class=\"wp-block-column is-vertically-aligned-center is-layout-flow wp-block-column-is-layout-flow\">\n<figure class=\"wp-block-image size-full\"><img loading=\"lazy\" decoding=\"async\" width=\"932\" height=\"621\" src=\"https:\/\/www.saza.si\/wp-content\/uploads\/2024\/10\/1260201.width-932.jpg\" alt=\"\" class=\"wp-image-504\" srcset=\"https:\/\/www.saza.si\/wp-content\/uploads\/2024\/10\/1260201.width-932.jpg 932w, https:\/\/www.saza.si\/wp-content\/uploads\/2024\/10\/1260201.width-932-300x200.jpg 300w, https:\/\/www.saza.si\/wp-content\/uploads\/2024\/10\/1260201.width-932-768x512.jpg 768w, https:\/\/www.saza.si\/wp-content\/uploads\/2024\/10\/1260201.width-932-600x400.jpg 600w\" sizes=\"auto, (max-width: 932px) 100vw, 932px\" \/><\/figure>\n<\/div>\n<\/div>\n\n\n\n<p><\/p>\n\n\n\n<div class=\"wp-block-ive-ibtana-visual-editorheading\"><div class=\"ive-advanced-text-wrap ive-div-advance-text_32a84a-38 undefined text-center text-md-center text-lg-center text-xl-center\"><h2 class=\"ive-heading-parent undefined ive-advanced-text-inner-wrap ive-adv-advance-text_32a84a-38 ive-lh-xs-30 ive-lh-sm-30 ive-lh-md-30 ive-lh-lg-30 ive-lh-xl-30\" id=\"ive-adv-advance-text_32a84a-38\">V gospodinjstvih, kjer se uporablja doma\u010di sistem filtracije vode, se je pokazalo, da se zmanj\u0161anje prisotnosti kontaminantov v pitni vodi izbolj\u0161a do 99%, kar pozitivno vpliva na zdravje prebivalcev.<br><br><\/h2><\/div><\/div>\n\n\n\n<div class=\"wp-block-columns are-vertically-aligned-center is-layout-flex wp-container-core-columns-is-layout-3 wp-block-columns-is-layout-flex\">\n<div class=\"wp-block-column is-vertically-aligned-center is-layout-flow wp-block-column-is-layout-flow\">\n<figure class=\"wp-block-image aligncenter size-full is-resized\"><img loading=\"lazy\" decoding=\"async\" width=\"447\" height=\"431\" src=\"https:\/\/www.saza.si\/wp-content\/uploads\/2024\/10\/saza-eliminator.jpeg\" alt=\"\" class=\"wp-image-507\" style=\"width:355px;height:auto\" srcset=\"https:\/\/www.saza.si\/wp-content\/uploads\/2024\/10\/saza-eliminator.jpeg 447w, https:\/\/www.saza.si\/wp-content\/uploads\/2024\/10\/saza-eliminator-300x289.jpeg 300w\" sizes=\"auto, (max-width: 447px) 100vw, 447px\" \/><\/figure>\n<\/div>\n\n\n\n<div class=\"wp-block-column is-vertically-aligned-center is-layout-flow wp-block-column-is-layout-flow\">\n<h3 class=\"wp-block-heading has-pale-cyan-blue-color has-text-color has-link-color has-large-font-size wp-elements-2d933f3549de9d20752de3f9baebcdf4\" style=\"font-style:normal;font-weight:600\">Sistem ELIMINATOR<\/h3>\n\n\n\n<p>ELIMINATOR predstavlja inovativen sistem za obdelavo vode z uporabo tehnologije vrtin\u010denja, ki posnema naravni tok vode v potokih in rekah. Ta proces ne potrebuje elektrike, kemikalij ali dodatnega vzdr\u017eevanja. Sistem s hidrodinami\u010dno kavitacijo uni\u010di do 97% bakterij, virusov in farmacevtskih ostankov ter razgradi te\u017eke kovine, klor in pesticide na manj \u0161kodljive molekule. Voda, obdelana s sistemom ELIMINATOR, ima izbolj\u0161ano strukturo in vi\u0161jo vsebnost kisika, kar je pomembno za hidracijo in splo\u0161no dobro po\u010dutje.<\/p>\n\n\n\n<div class=\"wp-block-buttons is-layout-flex wp-block-buttons-is-layout-flex\">\n<div class=\"wp-block-button\"><a class=\"wp-block-button__link wp-element-button\" href=\"https:\/\/www.eco-element.si\/eliminator\/\" style=\"border-radius:60px;padding-top:var(--wp--preset--spacing--40);padding-right:var(--wp--preset--spacing--50);padding-bottom:var(--wp--preset--spacing--40);padding-left:var(--wp--preset--spacing--50)\" target=\"_blank\" rel=\"noopener\">Preberite ve\u010d<\/a><\/div>\n<\/div>\n<\/div>\n<\/div>\n<\/div>\n\n\n\n<div style=\"height:11px\" aria-hidden=\"true\" class=\"wp-block-spacer\"><\/div>\n\n\n\n<div class=\"wp-block-group is-vertical is-layout-flex wp-container-core-group-is-layout-2 wp-block-group-is-layout-flex\">\n<figure class=\"wp-block-image size-large is-resized\"><img loading=\"lazy\" decoding=\"async\" width=\"1024\" height=\"452\" src=\"https:\/\/www.saza.si\/wp-content\/uploads\/2024\/10\/19569899q7235300D7AF56D7A7170B1F58C513AB0-1024x452.png\" alt=\"\" class=\"wp-image-506\" style=\"width:980px;height:auto\" srcset=\"https:\/\/www.saza.si\/wp-content\/uploads\/2024\/10\/19569899q7235300D7AF56D7A7170B1F58C513AB0-1024x452.png 1024w, https:\/\/www.saza.si\/wp-content\/uploads\/2024\/10\/19569899q7235300D7AF56D7A7170B1F58C513AB0-300x133.png 300w, https:\/\/www.saza.si\/wp-content\/uploads\/2024\/10\/19569899q7235300D7AF56D7A7170B1F58C513AB0-768x339.png 768w, https:\/\/www.saza.si\/wp-content\/uploads\/2024\/10\/19569899q7235300D7AF56D7A7170B1F58C513AB0-1536x679.png 1536w, https:\/\/www.saza.si\/wp-content\/uploads\/2024\/10\/19569899q7235300D7AF56D7A7170B1F58C513AB0.png 1684w\" sizes=\"auto, (max-width: 1024px) 100vw, 1024px\" \/><\/figure>\n\n\n\n<h2 class=\"wp-block-heading has-text-align-center\"><\/h2>\n<\/div>\n\n\n\n<div class=\"wp-block-group has-border-light-color-background-color has-background is-layout-constrained wp-container-core-group-is-layout-3 wp-block-group-is-layout-constrained\" style=\"padding-top:var(--wp--preset--spacing--80);padding-right:var(--wp--preset--spacing--40);padding-bottom:var(--wp--preset--spacing--80);padding-left:var(--wp--preset--spacing--40)\"><\/div>\n<\/main>\n","protected":false},"excerpt":{"rendered":"<p>Pomembnost filtracije vode Filtracija vode je klju\u010dnega pomena za zagotavljanje varne in \u010diste pitne vode. Poleg odstranjevanja mikroorganizmov in kemikalij, ki lahko \u0161kodijo zdravju, filtracija izbolj\u0161uje okus in vonj vode, zmanj\u0161uje tveganje za bolezni in podalj\u0161uje \u017eivljenjsko dobo naprav, ki delujejo z vodo. Kakovostna pitna voda pripomore k bolj\u0161emu zdravju, saj hitreje odstranjuje toksine iz&#8230;<\/p>\n","protected":false},"author":1,"featured_media":0,"parent":0,"menu_order":0,"comment_status":"closed","ping_status":"closed","template":"","meta":{"_regular_price":[],"currency_symbol":[],"om_disable_all_campaigns":false,"_monsterinsights_skip_tracking":false,"_monsterinsights_sitenote_active":false,"_monsterinsights_sitenote_note":"","_monsterinsights_sitenote_category":0,"footnotes":""},"class_list":["post-499","page","type-page","status-publish","hentry"],"post_slider_layout_featured_media_urls":{"thumbnail":"","post_slider_layout_landscape_large":"","post_slider_layout_portrait_large":"","post_slider_layout_square_large":"","post_slider_layout_landscape":"","post_slider_layout_portrait":"","post_slider_layout_square":"","full":""},"_links":{"self":[{"href":"https:\/\/www.saza.si\/index.php\/wp-json\/wp\/v2\/pages\/499","targetHints":{"allow":["GET"]}}],"collection":[{"href":"https:\/\/www.saza.si\/index.php\/wp-json\/wp\/v2\/pages"}],"about":[{"href":"https:\/\/www.saza.si\/index.php\/wp-json\/wp\/v2\/types\/page"}],"author":[{"embeddable":true,"href":"https:\/\/www.saza.si\/index.php\/wp-json\/wp\/v2\/users\/1"}],"replies":[{"embeddable":true,"href":"https:\/\/www.saza.si\/index.php\/wp-json\/wp\/v2\/comments?post=499"}],"version-history":[{"count":7,"href":"https:\/\/www.saza.si\/index.php\/wp-json\/wp\/v2\/pages\/499\/revisions"}],"predecessor-version":[{"id":558,"href":"https:\/\/www.saza.si\/index.php\/wp-json\/wp\/v2\/pages\/499\/revisions\/558"}],"wp:attachment":[{"href":"https:\/\/www.saza.si\/index.php\/wp-json\/wp\/v2\/media?parent=499"}],"curies":[{"name":"wp","href":"https:\/\/api.w.org\/{rel}","templated":true}]}}