{"id":384,"date":"2024-09-09T06:12:37","date_gmt":"2024-09-09T06:12:37","guid":{"rendered":"http:\/\/www.saza.si\/?page_id=384"},"modified":"2024-11-27T13:36:40","modified_gmt":"2024-11-27T13:36:40","slug":"kopalnice","status":"publish","type":"page","link":"https:\/\/www.saza.si\/index.php\/kopalnice\/","title":{"rendered":"Kopalnice"},"content":{"rendered":"\n<div style=\"height:13px\" aria-hidden=\"true\" class=\"wp-block-spacer\"><\/div>\n\n\n\n<p>Kopalnica je eden najpomembnej\u0161ih prostorov v va\u0161em domu \u2013 kraj, kjer se sprostite, osve\u017eite in poskrbite za osebno higieno. Na\u0161e podjetje vam nudi celovite re\u0161itve za prenovo, vzdr\u017eevanje in popravila kopalnic. Z ve\u010d kot desetletnimi izku\u0161njami na podro\u010dju vodovodnih in sanitarnih storitev zagotavljamo kakovostno izvedbo del, s poudarkom na detajlih, estetiki in funkcionalnosti.<\/p>\n\n\n\n<p>Ne glede na to, ali potrebujete zamenjavo dotrajanih in\u0161talacij, novo postavitev sanitarne opreme ali celovito prenovo kopalnice, na\u0161i strokovnjaki so tukaj, da vam svetujejo in zagotovijo brezhibno izvedbo.<\/p>\n\n\n\n<div style=\"height:14px\" aria-hidden=\"true\" class=\"wp-block-spacer\"><\/div>\n\n\n\n<div class=\"wp-block-media-text is-stacked-on-mobile is-image-fill has-light-shade-background-color has-background\" style=\"grid-template-columns:31% auto\"><figure class=\"wp-block-media-text__media\" style=\"background-image:url(https:\/\/www.saza.si\/wp-content\/uploads\/2024\/09\/f5f5d148-ceb1-4d56-b732-a67d874e43ec-1.jpg);background-position:50% 50%\"><img loading=\"lazy\" decoding=\"async\" width=\"1024\" height=\"1024\" src=\"https:\/\/www.saza.si\/wp-content\/uploads\/2024\/09\/f5f5d148-ceb1-4d56-b732-a67d874e43ec-1.jpg\" alt=\"\" class=\"wp-image-436 size-full\" srcset=\"https:\/\/www.saza.si\/wp-content\/uploads\/2024\/09\/f5f5d148-ceb1-4d56-b732-a67d874e43ec-1.jpg 1024w, https:\/\/www.saza.si\/wp-content\/uploads\/2024\/09\/f5f5d148-ceb1-4d56-b732-a67d874e43ec-1-300x300.jpg 300w, https:\/\/www.saza.si\/wp-content\/uploads\/2024\/09\/f5f5d148-ceb1-4d56-b732-a67d874e43ec-1-150x150.jpg 150w, https:\/\/www.saza.si\/wp-content\/uploads\/2024\/09\/f5f5d148-ceb1-4d56-b732-a67d874e43ec-1-768x768.jpg 768w, https:\/\/www.saza.si\/wp-content\/uploads\/2024\/09\/f5f5d148-ceb1-4d56-b732-a67d874e43ec-1-600x600.jpg 600w\" sizes=\"auto, (max-width: 1024px) 100vw, 1024px\" \/><\/figure><div class=\"wp-block-media-text__content\">\n<p>Na\u0161e storitve vklju\u010dujejo:<\/p>\n\n\n\n<ul class=\"wp-block-list\">\n<li>Popolne prenove kopalnic<\/li>\n\n\n\n<li>Zamenjavo in popravilo vodovodnih in\u0161talacij<\/li>\n\n\n\n<li>Monta\u017eo sanitarne opreme in dodatkov<\/li>\n\n\n\n<li>Odstranjevanje te\u017eav z vlago in pu\u0161\u010danjem<\/li>\n\n\n\n<li>Svetovanje pri izbiri materialov in dizajna<\/li>\n<\/ul>\n<\/div><\/div>\n\n\n\n<div class=\"wp-block-columns handyman-blocks-fade-up is-layout-flex wp-container-core-columns-is-layout-1 wp-block-columns-is-layout-flex\" style=\"margin-top:60px\">\n<div class=\"wp-block-column is-layout-flow wp-block-column-is-layout-flow\">\n<div class=\"wp-block-group is-style-handyman-blocks-boxshadow-medium has-light-color-background-color has-background is-layout-constrained wp-container-core-group-is-layout-2 wp-block-group-is-layout-constrained\" style=\"border-radius:12px;padding-top:0px;padding-right:0px;padding-bottom:0px;padding-left:0px\">\n<div class=\"wp-block-cover is-light handyman-blocks-portfolio-box\" style=\"min-height:300px;aspect-ratio:unset;\"><span aria-hidden=\"true\" class=\"wp-block-cover__background has-dark-color-background-color has-background-dim-0 has-background-dim\"><\/span><img loading=\"lazy\" decoding=\"async\" width=\"1024\" height=\"1024\" class=\"wp-block-cover__image-background wp-image-437\" alt=\"\" src=\"https:\/\/www.saza.si\/wp-content\/uploads\/2024\/09\/SAZA-SAMO-ZAMUDA-kopalnica.jpeg\" data-object-fit=\"cover\" srcset=\"https:\/\/www.saza.si\/wp-content\/uploads\/2024\/09\/SAZA-SAMO-ZAMUDA-kopalnica.jpeg 1024w, https:\/\/www.saza.si\/wp-content\/uploads\/2024\/09\/SAZA-SAMO-ZAMUDA-kopalnica-300x300.jpeg 300w, https:\/\/www.saza.si\/wp-content\/uploads\/2024\/09\/SAZA-SAMO-ZAMUDA-kopalnica-150x150.jpeg 150w, https:\/\/www.saza.si\/wp-content\/uploads\/2024\/09\/SAZA-SAMO-ZAMUDA-kopalnica-768x768.jpeg 768w, https:\/\/www.saza.si\/wp-content\/uploads\/2024\/09\/SAZA-SAMO-ZAMUDA-kopalnica-600x600.jpeg 600w\" sizes=\"auto, (max-width: 1024px) 100vw, 1024px\" \/><div class=\"wp-block-cover__inner-container is-layout-constrained wp-block-cover-is-layout-constrained\">\n<div class=\"wp-block-group is-layout-constrained wp-container-core-group-is-layout-1 wp-block-group-is-layout-constrained\">\n<h4 class=\"wp-block-heading has-text-align-center has-light-color-color has-text-color has-link-color has-big-font-size wp-elements-e8d7d27f41e991a41f61bb06dda54fba\" style=\"margin-top:24px\">Sanjska kopalnica po va\u0161i meri<\/h4>\n\n\n\n<p class=\"has-text-align-center has-light-color-color has-text-color has-link-color wp-elements-76069a9a538a62a47fade297d55479a7\">Ustvarjamo sodobne, funkcionalne in estetsko dovr\u0161ene kopalnice, prilagojene va\u0161im \u017eeljam in potrebam.<\/p>\n<\/div>\n<\/div><\/div>\n<\/div>\n<\/div>\n\n\n\n<div class=\"wp-block-column is-layout-flow wp-block-column-is-layout-flow\">\n<div class=\"wp-block-group is-style-handyman-blocks-boxshadow-medium has-light-color-background-color has-background is-layout-constrained wp-container-core-group-is-layout-4 wp-block-group-is-layout-constrained\" style=\"border-radius:12px;padding-top:0px;padding-right:0px;padding-bottom:0px;padding-left:0px\">\n<div class=\"wp-block-cover handyman-blocks-portfolio-box\" style=\"min-height:300px;aspect-ratio:unset;\"><span aria-hidden=\"true\" class=\"wp-block-cover__background has-dark-color-background-color has-background-dim-0 has-background-dim\"><\/span><img loading=\"lazy\" decoding=\"async\" width=\"1312\" height=\"736\" class=\"wp-block-cover__image-background wp-image-429\" alt=\"\" src=\"https:\/\/www.saza.si\/wp-content\/uploads\/2024\/09\/a-photo-of-a-modern-style-bathroom-with-a-walk-in-QrkTBw6xQgqJkfpc8r5Zvw-WgW3vRndTaybp1jz03BMyg.jpeg\" style=\"object-position:87% 62%\" data-object-fit=\"cover\" data-object-position=\"87% 62%\" srcset=\"https:\/\/www.saza.si\/wp-content\/uploads\/2024\/09\/a-photo-of-a-modern-style-bathroom-with-a-walk-in-QrkTBw6xQgqJkfpc8r5Zvw-WgW3vRndTaybp1jz03BMyg.jpeg 1312w, https:\/\/www.saza.si\/wp-content\/uploads\/2024\/09\/a-photo-of-a-modern-style-bathroom-with-a-walk-in-QrkTBw6xQgqJkfpc8r5Zvw-WgW3vRndTaybp1jz03BMyg-300x168.jpeg 300w, https:\/\/www.saza.si\/wp-content\/uploads\/2024\/09\/a-photo-of-a-modern-style-bathroom-with-a-walk-in-QrkTBw6xQgqJkfpc8r5Zvw-WgW3vRndTaybp1jz03BMyg-1024x574.jpeg 1024w, https:\/\/www.saza.si\/wp-content\/uploads\/2024\/09\/a-photo-of-a-modern-style-bathroom-with-a-walk-in-QrkTBw6xQgqJkfpc8r5Zvw-WgW3vRndTaybp1jz03BMyg-768x431.jpeg 768w\" sizes=\"auto, (max-width: 1312px) 100vw, 1312px\" \/><div class=\"wp-block-cover__inner-container is-layout-constrained wp-block-cover-is-layout-constrained\">\n<div class=\"wp-block-group is-layout-constrained wp-container-core-group-is-layout-3 wp-block-group-is-layout-constrained\">\n<h4 class=\"wp-block-heading has-text-align-center has-light-color-color has-text-color has-link-color has-big-font-size wp-elements-93d4a99077115f8fd1b068ebcadd1704\" style=\"margin-top:24px\">Kvaliteta, na katero se lahko zanesete<\/h4>\n\n\n\n<p class=\"has-text-align-center has-light-color-color has-text-color has-link-color wp-elements-a96339d26de9dfde3c5249b9277adaf5\">Poskrbimo za brezhibno prenovo va\u0161e kopalnice \u2013 od na\u010drtovanja do zadnjega detajla.<\/p>\n<\/div>\n<\/div><\/div>\n<\/div>\n<\/div>\n\n\n\n<div class=\"wp-block-column is-layout-flow wp-block-column-is-layout-flow\">\n<div class=\"wp-block-group is-style-handyman-blocks-boxshadow-medium has-light-color-background-color has-background is-layout-constrained wp-container-core-group-is-layout-6 wp-block-group-is-layout-constrained\" style=\"border-radius:12px;padding-top:0px;padding-right:0px;padding-bottom:0px;padding-left:0px\">\n<div class=\"wp-block-cover is-light handyman-blocks-portfolio-box\" style=\"min-height:300px;aspect-ratio:unset;\"><span aria-hidden=\"true\" class=\"wp-block-cover__background has-dark-color-background-color has-background-dim-0 has-background-dim\"><\/span><img loading=\"lazy\" decoding=\"async\" width=\"1280\" height=\"853\" class=\"wp-block-cover__image-background wp-image-430\" alt=\"\" src=\"https:\/\/www.saza.si\/wp-content\/uploads\/2024\/09\/bathroom-6686057_1280-1.jpg\" data-object-fit=\"cover\" srcset=\"https:\/\/www.saza.si\/wp-content\/uploads\/2024\/09\/bathroom-6686057_1280-1.jpg 1280w, https:\/\/www.saza.si\/wp-content\/uploads\/2024\/09\/bathroom-6686057_1280-1-300x200.jpg 300w, https:\/\/www.saza.si\/wp-content\/uploads\/2024\/09\/bathroom-6686057_1280-1-1024x682.jpg 1024w, https:\/\/www.saza.si\/wp-content\/uploads\/2024\/09\/bathroom-6686057_1280-1-768x512.jpg 768w, https:\/\/www.saza.si\/wp-content\/uploads\/2024\/09\/bathroom-6686057_1280-1-1200x800.jpg 1200w, https:\/\/www.saza.si\/wp-content\/uploads\/2024\/09\/bathroom-6686057_1280-1-600x400.jpg 600w\" sizes=\"auto, (max-width: 1280px) 100vw, 1280px\" \/><div class=\"wp-block-cover__inner-container is-layout-constrained wp-block-cover-is-layout-constrained\">\n<div class=\"wp-block-group is-layout-constrained wp-container-core-group-is-layout-5 wp-block-group-is-layout-constrained\">\n<h4 class=\"wp-block-heading has-text-align-center has-light-shade-color has-text-color has-link-color has-big-font-size wp-elements-9957e31accd08610ef13f34ab8aea3c4\" style=\"margin-top:24px\"><strong>&#8220;Va\u0161a vizija, na\u0161a izvedba&#8221;<\/strong><\/h4>\n\n\n\n<p class=\"has-text-align-center has-light-shade-color has-text-color has-link-color wp-elements-483d5bd93463a9c2553b4b05c0dc5ec3\"><strong>Pomagamo vam ustvariti kopalnico, ki bo ustrezala va\u0161emu \u017eivljenjskemu slogu in prostoru.<\/strong><\/p>\n<\/div>\n<\/div><\/div>\n<\/div>\n<\/div>\n<\/div>\n\n\n\n<p><\/p>\n","protected":false},"excerpt":{"rendered":"<p>Kopalnica je eden najpomembnej\u0161ih prostorov v va\u0161em domu \u2013 kraj, kjer se sprostite, osve\u017eite in poskrbite za osebno higieno. Na\u0161e podjetje vam nudi celovite re\u0161itve za prenovo, vzdr\u017eevanje in popravila kopalnic. Z ve\u010d kot desetletnimi izku\u0161njami na podro\u010dju vodovodnih in sanitarnih storitev zagotavljamo kakovostno izvedbo del, s poudarkom na detajlih, estetiki in funkcionalnosti. Ne glede&#8230;<\/p>\n","protected":false},"author":1,"featured_media":0,"parent":0,"menu_order":0,"comment_status":"closed","ping_status":"closed","template":"","meta":{"_regular_price":[],"currency_symbol":[],"om_disable_all_campaigns":false,"_monsterinsights_skip_tracking":false,"_monsterinsights_sitenote_active":false,"_monsterinsights_sitenote_note":"","_monsterinsights_sitenote_category":0,"footnotes":""},"class_list":["post-384","page","type-page","status-publish","hentry"],"post_slider_layout_featured_media_urls":{"thumbnail":"","post_slider_layout_landscape_large":"","post_slider_layout_portrait_large":"","post_slider_layout_square_large":"","post_slider_layout_landscape":"","post_slider_layout_portrait":"","post_slider_layout_square":"","full":""},"_links":{"self":[{"href":"https:\/\/www.saza.si\/index.php\/wp-json\/wp\/v2\/pages\/384","targetHints":{"allow":["GET"]}}],"collection":[{"href":"https:\/\/www.saza.si\/index.php\/wp-json\/wp\/v2\/pages"}],"about":[{"href":"https:\/\/www.saza.si\/index.php\/wp-json\/wp\/v2\/types\/page"}],"author":[{"embeddable":true,"href":"https:\/\/www.saza.si\/index.php\/wp-json\/wp\/v2\/users\/1"}],"replies":[{"embeddable":true,"href":"https:\/\/www.saza.si\/index.php\/wp-json\/wp\/v2\/comments?post=384"}],"version-history":[{"count":9,"href":"https:\/\/www.saza.si\/index.php\/wp-json\/wp\/v2\/pages\/384\/revisions"}],"predecessor-version":[{"id":440,"href":"https:\/\/www.saza.si\/index.php\/wp-json\/wp\/v2\/pages\/384\/revisions\/440"}],"wp:attachment":[{"href":"https:\/\/www.saza.si\/index.php\/wp-json\/wp\/v2\/media?parent=384"}],"curies":[{"name":"wp","href":"https:\/\/api.w.org\/{rel}","templated":true}]}}