{"id":254,"date":"2024-09-01T06:49:25","date_gmt":"2024-09-01T06:49:25","guid":{"rendered":"http:\/\/www.saza.si\/?page_id=254"},"modified":"2024-11-27T13:40:11","modified_gmt":"2024-11-27T13:40:11","slug":"prezracevanje","status":"publish","type":"page","link":"https:\/\/www.saza.si\/index.php\/prezracevanje\/","title":{"rendered":"Prezra\u010devanje"},"content":{"rendered":"\n<h2 class=\"wp-block-heading has-text-align-center has-pale-cyan-blue-color has-text-color has-link-color wp-elements-82dd4bdc81c23a0e02ad91b1074689bd\">Prezra\u010devanje<\/h2>\n\n\n\n<div style=\"height:8px\" aria-hidden=\"true\" class=\"wp-block-spacer\"><\/div>\n\n\n\n<p class=\"has-light-shade-background-color has-background\">Prezra\u010devanje je klju\u010dno za zagotavljanje kakovostnega bivanjskega okolja. Pravilno prezra\u010devanje omogo\u010da stalno dovajanje sve\u017eega zraka in odstranjevanje izrabljenega zraka iz prostorov, kar pripomore k bolj\u0161emu zdravju in udobju. Poleg tega prispeva k zmanj\u0161anju vla\u017enosti in prepre\u010duje nastanek plesni ter drugih \u0161kodljivih mikroorganizmov. V tej sekciji boste spoznali vse, kar morate vedeti o prezra\u010devanju in na\u0161ih storitvah, ki vam omogo\u010dajo optimalno re\u0161itev za va\u0161 dom ali poslovni prostor.<\/p>\n\n\n\n<div style=\"height:30px\" aria-hidden=\"true\" class=\"wp-block-spacer\"><\/div>\n\n\n\n<div class=\"wp-block-columns is-style-handyman-blocks-boxshadow is-layout-flex wp-container-core-columns-is-layout-1 wp-block-columns-is-layout-flex\">\n<div class=\"wp-block-column is-layout-flow wp-block-column-is-layout-flow\">\n<figure class=\"wp-block-image size-full is-resized\"><img loading=\"lazy\" decoding=\"async\" width=\"973\" height=\"495\" src=\"https:\/\/www.saza.si\/wp-content\/uploads\/2024\/09\/siku-twin-zgradba.jpg\" alt=\"\" class=\"wp-image-264\" style=\"width:789px;height:auto\" srcset=\"https:\/\/www.saza.si\/wp-content\/uploads\/2024\/09\/siku-twin-zgradba.jpg 973w, https:\/\/www.saza.si\/wp-content\/uploads\/2024\/09\/siku-twin-zgradba-300x153.jpg 300w, https:\/\/www.saza.si\/wp-content\/uploads\/2024\/09\/siku-twin-zgradba-768x391.jpg 768w\" sizes=\"auto, (max-width: 973px) 100vw, 973px\" \/><\/figure>\n<\/div>\n\n\n\n<div class=\"wp-block-column is-layout-flow wp-block-column-is-layout-flow\">\n<!DOCTYPE html>\n<html lang=\"sl\">\n<head>\n    <meta charset=\"UTF-8\">\n    <meta name=\"viewport\" content=\"width=device-width, initial-scale=1.0\">\n    <title>Zakaj je prezra\u010devanje pomembno?<\/title>\n    <style>\n        body {\n            font-family: Arial, sans-serif;\n            margin: 20px;\n            background-color: #f4f4f4;\n        }\n        h2 {\n            color: #009fff\n        }\n        .accordion {\n            background-color: #e6f7ff; \/* Svetlo modra barva *\/\n            border: 1px solid #0073e6; \/* Temnej\u0161i modri rob *\/\n            border-radius: 5px;\n            margin: 10px 0;\n            padding: 10px;\n            cursor: pointer;\n            transition: background-color 0.3s ease;\n        }\n        .accordion:hover {\n            background-color: #d4edff; \/* Malenkost temnej\u0161a modra pri hover efektu *\/\n        }\n        .panel {\n            padding: 0 10px;\n            max-height: 0;\n            overflow: hidden;\n            transition: max-height 0.3s ease-out;\n            background-color: #f4faff; \/* Zelo svetlo modra barva za vsebino *\/\n            border-bottom: 1px solid #0073e6;\n        }\n        .panel p {\n            margin: 10px 0;\n        }\n    <\/style>\n<\/head>\n<body>\n\n<h2>Zakaj je prezra\u010devanje pomembno?<\/h2>\n\n<div class=\"accordion\">Zdravje in dobro po\u010dutje<\/div>\n<div class=\"panel\">\n    <p>Kakovosten zrak je klju\u010dnega pomena za ohranjanje zdravja. Prezra\u010devanje zmanj\u0161uje koncentracijo \u0161kodljivih snovi, kot so pra\u0161ni delci, alergeni, in drugi onesna\u017eevalci zraka, ki lahko povzro\u010dajo te\u017eave z dihali in alergije.<\/p>\n<\/div>\n\n<div class=\"accordion\">Energetska u\u010dinkovitost<\/div>\n<div class=\"panel\">\n    <p>S pravilno izbranim prezra\u010devalnim sistemom lahko znatno izbolj\u0161ate energetsko u\u010dinkovitost va\u0161ega objekta. Sodobni sistemi, kot so rekuperacijski sistemi, omogo\u010dajo vra\u010danje toplote iz odpadnega zraka, kar zmanj\u0161a stro\u0161ke ogrevanja in hlajenja.<\/p>\n<\/div>\n\n<div class=\"accordion\">Odpravljanje vlage in plesni<\/div>\n<div class=\"panel\">\n    <p>Prezra\u010devanje je klju\u010dnega pomena za nadzor nad vlago v prostoru, kar prepre\u010duje nastanek plesni in posledi\u010dno ohranja va\u0161 dom zdrav in prijeten.<\/p>\n<\/div>\n\n<script>\n    var acc = document.getElementsByClassName(\"accordion\");\n    var i;\n\n    for (i = 0; i < acc.length; i++) {\n        acc[i].addEventListener(\"click\", function() {\n            this.classList.toggle(\"active\");\n            var panel = this.nextElementSibling;\n            if (panel.style.maxHeight) {\n                panel.style.maxHeight = null;\n            } else {\n                panel.style.maxHeight = panel.scrollHeight + \"px\";\n            } \n        });\n    }\n<\/script>\n\n<\/body>\n<\/html>\n<\/div>\n<\/div>\n\n\n\n<div style=\"height:36px\" aria-hidden=\"true\" class=\"wp-block-spacer\"><\/div>\n\n\n\n<div class=\"wp-block-group is-layout-constrained wp-container-core-group-is-layout-5 wp-block-group-is-layout-constrained\" style=\"padding-top:0px;padding-right:var(--wp--preset--spacing--40);padding-bottom:80px;padding-left:var(--wp--preset--spacing--40)\">\n<div class=\"wp-block-group handyman-blocks-flip-up is-layout-constrained wp-container-core-group-is-layout-1 wp-block-group-is-layout-constrained\" style=\"margin-bottom:60px\">\n<h1 class=\"wp-block-heading has-text-align-center has-pale-cyan-blue-color has-text-color has-link-color has-xx-large-font-size wp-elements-ea2e43aaa5941850db330c25813c52ee\" style=\"font-style:normal;font-weight:600\">Pogosta vpra\u0161anja (FAQ)<\/h1>\n\n\n\n<p class=\"has-text-align-center\">Odgovarjamo na najpogostej\u0161a vpra\u0161anja, ki jih imajo na\u0161e stranke o prezra\u010devanju:<\/p>\n<\/div>\n\n\n\n<div class=\"wp-block-columns is-layout-flex wp-container-core-columns-is-layout-2 wp-block-columns-is-layout-flex\">\n<div class=\"wp-block-column handyman-blocks-fade-up is-layout-flow wp-block-column-is-layout-flow\">\n<div class=\"wp-block-group has-border-color has-border-light-color-border-color is-layout-constrained wp-container-core-group-is-layout-2 wp-block-group-is-layout-constrained\" style=\"border-width:1px;border-radius:7px;padding-top:24px;padding-right:24px;padding-bottom:24px;padding-left:24px\">\n<h4 class=\"wp-block-heading has-vivid-cyan-blue-color has-text-color has-link-color has-big-font-size wp-elements-5d113035706883fc406c35ba6e7e4750\" style=\"font-style:normal;font-weight:500\">Kako pogosto je potrebno vzdr\u017eevanje prezra\u010devalnega sistema?<\/h4>\n\n\n\n<p>Redno vzdr\u017eevanje je priporo\u010dljivo enkrat letno, da zagotovimo optimalno delovanje sistema in podalj\u0161amo njegovo \u017eivljenjsko dobo.<\/p>\n<\/div>\n<\/div>\n\n\n\n<div class=\"wp-block-column handyman-blocks-fade-up is-layout-flow wp-block-column-is-layout-flow\">\n<div class=\"wp-block-group has-border-color is-layout-constrained wp-container-core-group-is-layout-3 wp-block-group-is-layout-constrained\" style=\"border-color:#E9EAFA;border-width:1px;border-radius:7px;padding-top:24px;padding-right:24px;padding-bottom:24px;padding-left:24px\">\n<h4 class=\"wp-block-heading has-vivid-cyan-blue-color has-text-color has-link-color has-big-font-size wp-elements-cc6608627f8990f760a3a07d1e89f55a\" style=\"font-style:normal;font-weight:500\">Katere vrste sistemov so najprimernej\u0161e za stanovanjske stavbe?<\/h4>\n\n\n\n<p>Za stanovanjske stavbe se pogosto priporo\u010da centralni rekuperacijski sistem, ki omogo\u010da u\u010dinkovito prezra\u010devanje celotne hi\u0161e z minimalno izgubo energije.<\/p>\n<\/div>\n<\/div>\n\n\n\n<div class=\"wp-block-column handyman-blocks-fade-up is-layout-flow wp-block-column-is-layout-flow\">\n<div class=\"wp-block-group has-border-color is-layout-constrained wp-container-core-group-is-layout-4 wp-block-group-is-layout-constrained\" style=\"border-color:#E9EAFA;border-width:1px;border-radius:7px;padding-top:24px;padding-right:24px;padding-bottom:24px;padding-left:24px\">\n<h4 class=\"wp-block-heading has-vivid-cyan-blue-color has-text-color has-link-color has-big-font-size wp-elements-cb01c9a371f45c075fe2f53d4019a5ee\" style=\"font-style:normal;font-weight:500\">Ali je mogo\u010de obstoje\u010de prezra\u010devanje nadgraditi?<\/h4>\n\n\n\n<p>Da, ve\u010dina obstoje\u010dih prezra\u010devalnih sistemov je mogo\u010de nadgraditi z dodatnimi funkcijami, kot so rekuperacija toplote ali bolj napredne regulacijske enote, kar izbolj\u0161a njihovo u\u010dinkovitost in funkcionalnost.<\/p>\n<\/div>\n<\/div>\n<\/div>\n<\/div>\n","protected":false},"excerpt":{"rendered":"<p>Prezra\u010devanje Prezra\u010devanje je klju\u010dno za zagotavljanje kakovostnega bivanjskega okolja. Pravilno prezra\u010devanje omogo\u010da stalno dovajanje sve\u017eega zraka in odstranjevanje izrabljenega zraka iz prostorov, kar pripomore k bolj\u0161emu zdravju in udobju. Poleg tega prispeva k zmanj\u0161anju vla\u017enosti in prepre\u010duje nastanek plesni ter drugih \u0161kodljivih mikroorganizmov. V tej sekciji boste spoznali vse, kar morate vedeti o prezra\u010devanju in&#8230;<\/p>\n","protected":false},"author":1,"featured_media":0,"parent":0,"menu_order":0,"comment_status":"closed","ping_status":"closed","template":"","meta":{"_regular_price":[],"currency_symbol":[],"om_disable_all_campaigns":false,"_monsterinsights_skip_tracking":false,"_monsterinsights_sitenote_active":false,"_monsterinsights_sitenote_note":"","_monsterinsights_sitenote_category":0,"footnotes":""},"class_list":["post-254","page","type-page","status-publish","hentry"],"post_slider_layout_featured_media_urls":{"thumbnail":"","post_slider_layout_landscape_large":"","post_slider_layout_portrait_large":"","post_slider_layout_square_large":"","post_slider_layout_landscape":"","post_slider_layout_portrait":"","post_slider_layout_square":"","full":""},"_links":{"self":[{"href":"https:\/\/www.saza.si\/index.php\/wp-json\/wp\/v2\/pages\/254","targetHints":{"allow":["GET"]}}],"collection":[{"href":"https:\/\/www.saza.si\/index.php\/wp-json\/wp\/v2\/pages"}],"about":[{"href":"https:\/\/www.saza.si\/index.php\/wp-json\/wp\/v2\/types\/page"}],"author":[{"embeddable":true,"href":"https:\/\/www.saza.si\/index.php\/wp-json\/wp\/v2\/users\/1"}],"replies":[{"embeddable":true,"href":"https:\/\/www.saza.si\/index.php\/wp-json\/wp\/v2\/comments?post=254"}],"version-history":[{"count":22,"href":"https:\/\/www.saza.si\/index.php\/wp-json\/wp\/v2\/pages\/254\/revisions"}],"predecessor-version":[{"id":534,"href":"https:\/\/www.saza.si\/index.php\/wp-json\/wp\/v2\/pages\/254\/revisions\/534"}],"wp:attachment":[{"href":"https:\/\/www.saza.si\/index.php\/wp-json\/wp\/v2\/media?parent=254"}],"curies":[{"name":"wp","href":"https:\/\/api.w.org\/{rel}","templated":true}]}}