{"id":156,"date":"2024-08-28T17:06:13","date_gmt":"2024-08-28T17:06:13","guid":{"rendered":"http:\/\/www.saza.si\/?page_id=156"},"modified":"2024-11-27T13:18:45","modified_gmt":"2024-11-27T13:18:45","slug":"toplotne-crpalke","status":"publish","type":"page","link":"https:\/\/www.saza.si\/index.php\/toplotne-crpalke\/","title":{"rendered":"Kako vam lahko toplotne \u010drpalke pomagajo prihraniti energijo in denar"},"content":{"rendered":"\n<div style=\"height:45px\" aria-hidden=\"true\" class=\"wp-block-spacer\"><\/div>\n\n\n\n<h2 class=\"wp-block-heading\">Kako vam lahko toplotne \u010drpalke pomagajo prihraniti energijo in denar<\/h2>\n\n\n\n<div class=\"wp-block-columns is-layout-flex wp-container-core-columns-is-layout-1 wp-block-columns-is-layout-flex\">\n<div class=\"wp-block-column is-layout-flow wp-block-column-is-layout-flow\">\n<div class=\"wp-block-media-text is-stacked-on-mobile\"><figure class=\"wp-block-media-text__media\"><img loading=\"lazy\" decoding=\"async\" width=\"1024\" height=\"701\" src=\"https:\/\/www.saza.si\/wp-content\/uploads\/2024\/08\/vitanest-toplotna-crpalka-zrak-voda-27-4865-1-1024x701.jpg\" alt=\"\" class=\"wp-image-158 size-full\" srcset=\"https:\/\/www.saza.si\/wp-content\/uploads\/2024\/08\/vitanest-toplotna-crpalka-zrak-voda-27-4865-1-1024x701.jpg 1024w, https:\/\/www.saza.si\/wp-content\/uploads\/2024\/08\/vitanest-toplotna-crpalka-zrak-voda-27-4865-1-300x205.jpg 300w, https:\/\/www.saza.si\/wp-content\/uploads\/2024\/08\/vitanest-toplotna-crpalka-zrak-voda-27-4865-1-768x526.jpg 768w, https:\/\/www.saza.si\/wp-content\/uploads\/2024\/08\/vitanest-toplotna-crpalka-zrak-voda-27-4865-1-1536x1051.jpg 1536w, https:\/\/www.saza.si\/wp-content\/uploads\/2024\/08\/vitanest-toplotna-crpalka-zrak-voda-27-4865-1-2048x1402.jpg 2048w\" sizes=\"auto, (max-width: 1024px) 100vw, 1024px\" \/><\/figure><div class=\"wp-block-media-text__content\">\n<h4 class=\"wp-block-heading\">Kaj je toplotna \u010drpalka?<\/h4>\n\n\n\n<div style=\"height:37px\" aria-hidden=\"true\" class=\"wp-block-spacer\"><\/div>\n\n\n\n<p>Toplotne \u010drpalke so energetsko u\u010dinkovite naprave, ki izkori\u0161\u010dajo obnovljive vire energije za ogrevanje in hlajenje va\u0161ega doma. Delujejo tako, da prena\u0161ajo toploto iz enega okolja v drugega, pri \u010demer za delovanje potrebujejo zelo malo elektri\u010dne energije. Zaradi svoje u\u010dinkovitosti in okoljske prijaznosti postajajo toplotne \u010drpalke vedno bolj priljubljena izbira med lastniki domov in poslovnih prostorov.<\/p>\n<\/div><\/div>\n<\/div>\n<\/div>\n\n\n\n<div style=\"height:45px\" aria-hidden=\"true\" class=\"wp-block-spacer\"><\/div>\n\n\n\n<div class=\"wp-block-group is-layout-constrained wp-container-core-group-is-layout-4 wp-block-group-is-layout-constrained\" style=\"margin-top:0px;margin-bottom:0px;padding-top:0px;padding-right:0;padding-bottom:0px;padding-left:0\">\n<div class=\"wp-block-columns is-layout-flex wp-container-core-columns-is-layout-2 wp-block-columns-is-layout-flex\">\n<div class=\"wp-block-column is-layout-flow wp-block-column-is-layout-flow\">\n<div class=\"wp-block-group blockbooster-hover-box is-style-handyman-blocks-boxshadow-medium has-border-color has-primary-gradient-gradient-background has-background is-layout-constrained wp-container-core-group-is-layout-1 wp-block-group-is-layout-constrained\" style=\"border-color:#f2ede66e;border-width:1px;border-radius:0px;padding-top:30px;padding-right:30px;padding-bottom:30px;padding-left:30px\">\n<p class=\"has-text-align-left\"><strong>Okolju prijazne <\/strong><\/p>\n\n\n\n<p class=\"has-text-align-left\">Ker toplotne \u010drpalke izkori\u0161\u010dajo naravne vire energije in proizvajajo manj emisij CO2, so bolj okolju prijazne. S tem prispevajo k zmanj\u0161anju oglji\u010dnega odtisa in pomagajo pri prehodu na bolj trajnostne na\u010dine ogrevanja in hlajenja.<\/p>\n<\/div>\n<\/div>\n\n\n\n<div class=\"wp-block-column is-layout-flow wp-block-column-is-layout-flow\">\n<div class=\"wp-block-group blockbooster-hover-box is-style-handyman-blocks-boxshadow-medium has-border-color has-primary-gradient-gradient-background has-background is-layout-constrained wp-container-core-group-is-layout-2 wp-block-group-is-layout-constrained\" style=\"border-color:#f2ede66e;border-width:1px;border-radius:0px;padding-top:30px;padding-right:30px;padding-bottom:30px;padding-left:30px\">\n<p><strong>Energetska u\u010dinkovitost<\/strong><\/p>\n\n\n\n<p>Toplotne \u010drpalke so izjemno energetsko u\u010dinkovite, saj izkoristijo obnovljive vire energije iz okolja (zraka, vode ali zemlje) za ogrevanje in hlajenje. To pomeni, da porabijo manj elektri\u010dne energije v primerjavi s tradicionalnimi ogrevalnimi sistemi, kar vodi do ni\u017ejih stro\u0161kov energije.<\/p>\n<\/div>\n<\/div>\n\n\n\n<div class=\"wp-block-column is-layout-flow wp-block-column-is-layout-flow\">\n<div class=\"wp-block-group blockbooster-hover-box is-style-handyman-blocks-boxshadow-medium has-border-color has-primary-gradient-gradient-background has-background is-layout-constrained wp-container-core-group-is-layout-3 wp-block-group-is-layout-constrained\" style=\"border-color:#f2ede66e;border-width:1px;border-radius:0px;padding-top:30px;padding-right:30px;padding-bottom:30px;padding-left:30px\">\n<p class=\"has-text-align-left\"><strong>Vsestranskost<\/strong><\/p>\n\n\n\n<p class=\"has-text-align-left\">Toplotne \u010drpalke niso samo u\u010dinkovite za ogrevanje, temve\u010d omogo\u010dajo tudi hlajenje in pripravo sanitarne vode. Zaradi tega so odli\u010dna izbira za celovito klimatizacijo va\u0161ega doma skozi vse leto.<\/p>\n<\/div>\n<\/div>\n<\/div>\n<\/div>\n\n\n\n<p><\/p>\n\n\n\n<div class=\"wp-block-group is-layout-constrained wp-container-core-group-is-layout-9 wp-block-group-is-layout-constrained\" style=\"margin-top:0px;margin-bottom:0px;padding-top:0px;padding-right:0;padding-bottom:0px;padding-left:0\">\n<div class=\"wp-block-cover\" style=\"margin-top:0;margin-bottom:0;padding-top:100px;padding-right:0;padding-bottom:100px;padding-left:0;min-height:619px;aspect-ratio:unset;\"><span aria-hidden=\"true\" class=\"wp-block-cover__background has-background-dim-90 has-background-dim wp-block-cover__gradient-background has-background-gradient\" style=\"background:linear-gradient(180deg,rgba(0,0,0,0.5) 23%,rgb(0,0,0) 58%)\"><\/span><img loading=\"lazy\" decoding=\"async\" width=\"1440\" height=\"900\" class=\"wp-block-cover__image-background wp-image-322\" alt=\"\" src=\"https:\/\/www.saza.si\/wp-content\/uploads\/2024\/09\/toplotne-crpalke.jpg\" style=\"object-position:37% 82%\" data-object-fit=\"cover\" data-object-position=\"37% 82%\" srcset=\"https:\/\/www.saza.si\/wp-content\/uploads\/2024\/09\/toplotne-crpalke.jpg 1440w, https:\/\/www.saza.si\/wp-content\/uploads\/2024\/09\/toplotne-crpalke-300x188.jpg 300w, https:\/\/www.saza.si\/wp-content\/uploads\/2024\/09\/toplotne-crpalke-1024x640.jpg 1024w, https:\/\/www.saza.si\/wp-content\/uploads\/2024\/09\/toplotne-crpalke-768x480.jpg 768w\" sizes=\"auto, (max-width: 1440px) 100vw, 1440px\" \/><div class=\"wp-block-cover__inner-container is-layout-constrained wp-container-core-cover-is-layout-1 wp-block-cover-is-layout-constrained\">\n<div class=\"wp-block-group handyman-blocks-fade-up is-layout-constrained wp-container-core-group-is-layout-5 wp-block-group-is-layout-constrained\" style=\"margin-bottom:60px\">\n<h2 class=\"wp-block-heading has-text-align-center has-light-color-color has-text-color has-link-color wp-elements-038700a4039043cc185775794820f8fd\">Zakaj izbrati toplotno \u010drpalko? <\/h2>\n<\/div>\n\n\n\n<div class=\"wp-block-columns handyman-blocks-fade-up is-layout-flex wp-container-core-columns-is-layout-3 wp-block-columns-is-layout-flex\" style=\"margin-top:0px\">\n<div class=\"wp-block-column blockbooster-fade-up is-layout-flow wp-block-column-is-layout-flow\">\n<div class=\"wp-block-group blockbooster-hover-box is-style-handyman-blocks-boxshadow-medium has-border-color is-layout-constrained wp-container-core-group-is-layout-6 wp-block-group-is-layout-constrained\" style=\"border-color:#f2ede66e;border-width:1px;border-radius:0px;padding-top:30px;padding-right:30px;padding-bottom:30px;padding-left:30px\">\n<p class=\"has-text-align-left\"><strong>Okolju prijazne <\/strong><\/p>\n\n\n\n<p class=\"has-text-align-left\">Ker toplotne \u010drpalke izkori\u0161\u010dajo naravne vire energije in proizvajajo manj emisij CO2, so bolj okolju prijazne. S tem prispevajo k zmanj\u0161anju oglji\u010dnega odtisa in pomagajo pri prehodu na bolj trajnostne na\u010dine ogrevanja in hlajenja.<\/p>\n<\/div>\n<\/div>\n\n\n\n<div class=\"wp-block-column blockbooster-fade-up is-layout-flow wp-block-column-is-layout-flow\">\n<div class=\"wp-block-group blockbooster-hover-box is-style-handyman-blocks-boxshadow-medium has-border-color is-layout-constrained wp-container-core-group-is-layout-7 wp-block-group-is-layout-constrained\" style=\"border-color:#f2ede66e;border-width:1px;border-radius:0px;padding-top:30px;padding-right:30px;padding-bottom:30px;padding-left:30px\">\n<p><strong>Energetska u\u010dinkovitost<\/strong><\/p>\n\n\n\n<p>Toplotne \u010drpalke so izjemno energetsko u\u010dinkovite, saj izkoristijo obnovljive vire energije iz okolja (zraka, vode ali zemlje) za ogrevanje in hlajenje. To pomeni, da porabijo manj elektri\u010dne energije v primerjavi s tradicionalnimi ogrevalnimi sistemi, kar vodi do ni\u017ejih stro\u0161kov energije.<\/p>\n<\/div>\n<\/div>\n\n\n\n<div class=\"wp-block-column blockbooster-fade-up is-layout-flow wp-block-column-is-layout-flow\">\n<div class=\"wp-block-group blockbooster-hover-box is-style-handyman-blocks-boxshadow-medium has-border-color is-layout-constrained wp-container-core-group-is-layout-8 wp-block-group-is-layout-constrained\" style=\"border-color:#f2ede66e;border-width:1px;border-radius:0px;padding-top:30px;padding-right:30px;padding-bottom:30px;padding-left:30px\">\n<p><strong>Vsestranskost<\/strong><\/p>\n\n\n\n<p>Toplotne \u010drpalke niso samo u\u010dinkovite za ogrevanje, temve\u010d omogo\u010dajo tudi hlajenje in pripravo sanitarne vode. Zaradi tega so odli\u010dna izbira za celovito klimatizacijo va\u0161ega doma skozi vse leto.<\/p>\n<\/div>\n<\/div>\n<\/div>\n<\/div><\/div>\n<\/div>\n\n\n\n<p class=\"has-background-alt-color has-pale-cyan-blue-background-color has-text-color has-background has-link-color wp-elements-d0918a4da3f2bcccf1e747d1e12fdad9\">\u010ce se odlo\u010dite za nakup toplotne \u010drpalke pri nas, lahko za vas uredimo vse potrebne dokumente in postopek pridobitve subvencije preko Eko sklada. Tako se boste izognili dodatnim skrbi in poskrbeli za hitro in enostavno pridobitev finan\u010dne spodbude za va\u0161o novo toplotno \u010drpalko.<\/p>\n\n\n\n<p><\/p>\n","protected":false},"excerpt":{"rendered":"<p>Kako vam lahko toplotne \u010drpalke pomagajo prihraniti energijo in denar Kaj je toplotna \u010drpalka? Toplotne \u010drpalke so energetsko u\u010dinkovite naprave, ki izkori\u0161\u010dajo obnovljive vire energije za ogrevanje in hlajenje va\u0161ega doma. Delujejo tako, da prena\u0161ajo toploto iz enega okolja v drugega, pri \u010demer za delovanje potrebujejo zelo malo elektri\u010dne energije. Zaradi svoje u\u010dinkovitosti in okoljske&#8230;<\/p>\n","protected":false},"author":1,"featured_media":0,"parent":0,"menu_order":0,"comment_status":"closed","ping_status":"closed","template":"","meta":{"_regular_price":[],"currency_symbol":[],"om_disable_all_campaigns":false,"_monsterinsights_skip_tracking":false,"_monsterinsights_sitenote_active":false,"_monsterinsights_sitenote_note":"","_monsterinsights_sitenote_category":0,"footnotes":""},"class_list":["post-156","page","type-page","status-publish","hentry"],"post_slider_layout_featured_media_urls":{"thumbnail":"","post_slider_layout_landscape_large":"","post_slider_layout_portrait_large":"","post_slider_layout_square_large":"","post_slider_layout_landscape":"","post_slider_layout_portrait":"","post_slider_layout_square":"","full":""},"_links":{"self":[{"href":"https:\/\/www.saza.si\/index.php\/wp-json\/wp\/v2\/pages\/156","targetHints":{"allow":["GET"]}}],"collection":[{"href":"https:\/\/www.saza.si\/index.php\/wp-json\/wp\/v2\/pages"}],"about":[{"href":"https:\/\/www.saza.si\/index.php\/wp-json\/wp\/v2\/types\/page"}],"author":[{"embeddable":true,"href":"https:\/\/www.saza.si\/index.php\/wp-json\/wp\/v2\/users\/1"}],"replies":[{"embeddable":true,"href":"https:\/\/www.saza.si\/index.php\/wp-json\/wp\/v2\/comments?post=156"}],"version-history":[{"count":14,"href":"https:\/\/www.saza.si\/index.php\/wp-json\/wp\/v2\/pages\/156\/revisions"}],"predecessor-version":[{"id":551,"href":"https:\/\/www.saza.si\/index.php\/wp-json\/wp\/v2\/pages\/156\/revisions\/551"}],"wp:attachment":[{"href":"https:\/\/www.saza.si\/index.php\/wp-json\/wp\/v2\/media?parent=156"}],"curies":[{"name":"wp","href":"https:\/\/api.w.org\/{rel}","templated":true}]}}