{"id":112,"date":"2024-08-28T15:52:06","date_gmt":"2024-08-28T15:52:06","guid":{"rendered":"http:\/\/www.saza.si\/?page_id=112"},"modified":"2024-11-27T13:38:22","modified_gmt":"2024-11-27T13:38:22","slug":"o-nas","status":"publish","type":"page","link":"https:\/\/www.saza.si\/index.php\/o-nas\/","title":{"rendered":"O nas"},"content":{"rendered":"\n<h2 class=\"wp-block-heading\">O nas<\/h2>\n\n\n\n<p>Podjetje SAZA se \u017ee ve\u010d kot 10 let ukvarja s strokovnimi storitvami na podro\u010dju ogrevanja, hlajenja in vodovodnih instalacij.  Na\u0161e dolgoletne izku\u0161nje in visoko usposobljeno osebje nam omogo\u010dajo, da izvajamo tako manj\u0161a vzdr\u017eevalna dela kot tudi zahtevnej\u0161e instalacijske projekte. Ne glede na obseg projekta, se trudimo prese\u010di pri\u010dakovanja in ponuditi najbolj\u0161e re\u0161itve za va\u0161 dom ali poslovni prostor. Ustanovitelj podjetja je g. Samo Zamuda.<\/p>\n\n\n\n<p><\/p>\n\n\n\n<h4 class=\"wp-block-heading\">Poslanstvo<\/h4>\n\n\n\n<p class=\"has-background\" style=\"background-color:#c7e5fb\">Poslanstvo podjetja SAZA je zagotavljanje celovitih in kakovostnih storitev na podro\u010dju HVAC in vodovodnih instalacij, ki presegajo pri\u010dakovanja na\u0161ih strank. Z osredoto\u010denostjo na varnost, natan\u010dnost in zadovoljstvo strank, si prizadevamo ustvarjati re\u0161itve, ki so prilagojene potrebam vsakega posameznika. S stalnim izobra\u017eevanjem in nadgrajevanjem na\u0161ih znanj ohranjamo visoko raven strokovnosti in zagotavljamo najbolj\u0161e prakse v industriji.<\/p>\n\n\n\n<p>Zavezani smo k varnosti, natan\u010dnosti in osebnemu pristopu, kar je razlog, da nam na\u0161e stranke zaupajo in se vedno znova vra\u010dajo.<\/p>\n\n\n\n<p><\/p>\n","protected":false},"excerpt":{"rendered":"<p>O nas Podjetje SAZA se \u017ee ve\u010d kot 10 let ukvarja s strokovnimi storitvami na podro\u010dju ogrevanja, hlajenja in vodovodnih instalacij. Na\u0161e dolgoletne izku\u0161nje in visoko usposobljeno osebje nam omogo\u010dajo, da izvajamo tako manj\u0161a vzdr\u017eevalna dela kot tudi zahtevnej\u0161e instalacijske projekte. Ne glede na obseg projekta, se trudimo prese\u010di pri\u010dakovanja in ponuditi najbolj\u0161e re\u0161itve za&#8230;<\/p>\n","protected":false},"author":1,"featured_media":0,"parent":0,"menu_order":0,"comment_status":"closed","ping_status":"closed","template":"","meta":{"_regular_price":[],"currency_symbol":[],"om_disable_all_campaigns":false,"_monsterinsights_skip_tracking":false,"_monsterinsights_sitenote_active":false,"_monsterinsights_sitenote_note":"","_monsterinsights_sitenote_category":0,"footnotes":""},"class_list":["post-112","page","type-page","status-publish","hentry"],"post_slider_layout_featured_media_urls":{"thumbnail":"","post_slider_layout_landscape_large":"","post_slider_layout_portrait_large":"","post_slider_layout_square_large":"","post_slider_layout_landscape":"","post_slider_layout_portrait":"","post_slider_layout_square":"","full":""},"_links":{"self":[{"href":"https:\/\/www.saza.si\/index.php\/wp-json\/wp\/v2\/pages\/112","targetHints":{"allow":["GET"]}}],"collection":[{"href":"https:\/\/www.saza.si\/index.php\/wp-json\/wp\/v2\/pages"}],"about":[{"href":"https:\/\/www.saza.si\/index.php\/wp-json\/wp\/v2\/types\/page"}],"author":[{"embeddable":true,"href":"https:\/\/www.saza.si\/index.php\/wp-json\/wp\/v2\/users\/1"}],"replies":[{"embeddable":true,"href":"https:\/\/www.saza.si\/index.php\/wp-json\/wp\/v2\/comments?post=112"}],"version-history":[{"count":6,"href":"https:\/\/www.saza.si\/index.php\/wp-json\/wp\/v2\/pages\/112\/revisions"}],"predecessor-version":[{"id":561,"href":"https:\/\/www.saza.si\/index.php\/wp-json\/wp\/v2\/pages\/112\/revisions\/561"}],"wp:attachment":[{"href":"https:\/\/www.saza.si\/index.php\/wp-json\/wp\/v2\/media?parent=112"}],"curies":[{"name":"wp","href":"https:\/\/api.w.org\/{rel}","templated":true}]}}